{"id":3121,"date":"2018-08-07T15:03:45","date_gmt":"2018-08-07T15:03:45","guid":{"rendered":"http:\/\/brief.pt\/services\/"},"modified":"2025-09-08T15:16:43","modified_gmt":"2025-09-08T15:16:43","slug":"services","status":"publish","type":"page","link":"https:\/\/brief.pt\/pt\/services\/","title":{"rendered":"Servi\u00e7os"},"content":{"rendered":"","protected":false},"excerpt":{"rendered":"","protected":false},"author":1,"featured_media":0,"parent":0,"menu_order":0,"comment_status":"closed","ping_status":"closed","template":"","meta":{"_acf_changed":false,"inline_featured_image":false,"footnotes":""},"class_list":["post-3121","page","type-page","status-publish","hentry"],"acf":[],"yoast_head":"<!-- This site is optimized with the Yoast SEO Premium plugin v26.0 (Yoast SEO v26.0) - https:\/\/yoast.com\/wordpress\/plugins\/seo\/ -->\n<title>Servi\u00e7os - Fazemos Digital e muito mais | Brief Creatives<\/title>\n<meta name=\"description\" content=\"Oferecemos servi\u00e7os de programa\u00e7\u00e3o, design e campanhas de sucesso. Precisas de um website, nova marca ou gest\u00e3o de redes sociais?\" \/>\n<meta name=\"robots\" content=\"index, follow, max-snippet:-1, max-image-preview:large, max-video-preview:-1\" \/>\n<link rel=\"canonical\" href=\"https:\/\/brief.pt\/pt\/services\/\" \/>\n<meta property=\"og:locale\" content=\"pt_PT\" \/>\n<meta property=\"og:type\" content=\"article\" \/>\n<meta property=\"og:title\" content=\"Servi\u00e7os\" \/>\n<meta property=\"og:description\" content=\"Oferecemos servi\u00e7os de programa\u00e7\u00e3o, design e campanhas de sucesso. Precisas de um website, nova marca ou gest\u00e3o de redes sociais?\" \/>\n<meta property=\"og:url\" content=\"https:\/\/brief.pt\/pt\/services\/\" \/>\n<meta property=\"og:site_name\" content=\"Brief\" \/>\n<meta property=\"article:publisher\" content=\"https:\/\/www.facebook.com\/Brief.Creatives\/\" \/>\n<meta property=\"article:modified_time\" content=\"2025-09-08T15:16:43+00:00\" \/>\n<meta property=\"og:image\" content=\"https:\/\/brief.pt\/wp-content\/uploads\/2018\/09\/services2.png\" \/>\n\t<meta property=\"og:image:width\" content=\"1200\" \/>\n\t<meta property=\"og:image:height\" content=\"630\" \/>\n\t<meta property=\"og:image:type\" content=\"image\/png\" \/>\n<meta name=\"twitter:card\" content=\"summary_large_image\" \/>\n<meta name=\"twitter:image\" content=\"http:\/\/brief.pt\/app\/uploads\/2018\/09\/Servicos.png\" \/>\n<script type=\"application\/ld+json\" class=\"yoast-schema-graph\">{\"@context\":\"https:\/\/schema.org\",\"@graph\":[{\"@type\":\"WebPage\",\"@id\":\"https:\/\/brief.pt\/pt\/services\/\",\"url\":\"https:\/\/brief.pt\/pt\/services\/\",\"name\":\"Servi\u00e7os - Fazemos Digital e muito mais | Brief Creatives\",\"isPartOf\":{\"@id\":\"https:\/\/brief.pt\/#website\"},\"datePublished\":\"2018-08-07T15:03:45+00:00\",\"dateModified\":\"2025-09-08T15:16:43+00:00\",\"description\":\"Oferecemos servi\u00e7os de programa\u00e7\u00e3o, design e campanhas de sucesso. Precisas de um website, nova marca ou gest\u00e3o de redes sociais?\",\"breadcrumb\":{\"@id\":\"https:\/\/brief.pt\/pt\/services\/#breadcrumb\"},\"inLanguage\":\"pt\",\"potentialAction\":[{\"@type\":\"ReadAction\",\"target\":[\"https:\/\/brief.pt\/pt\/services\/\"]}]},{\"@type\":\"BreadcrumbList\",\"@id\":\"https:\/\/brief.pt\/pt\/services\/#breadcrumb\",\"itemListElement\":[{\"@type\":\"ListItem\",\"position\":1,\"name\":\"Home\",\"item\":\"https:\/\/brief.pt\/pt\/\"},{\"@type\":\"ListItem\",\"position\":2,\"name\":\"Servi\u00e7os\"}]},{\"@type\":\"WebSite\",\"@id\":\"https:\/\/brief.pt\/#website\",\"url\":\"https:\/\/brief.pt\/\",\"name\":\"Brief\",\"description\":\"Brief Creatives\",\"publisher\":{\"@id\":\"https:\/\/brief.pt\/#organization\"},\"potentialAction\":[{\"@type\":\"SearchAction\",\"target\":{\"@type\":\"EntryPoint\",\"urlTemplate\":\"https:\/\/brief.pt\/?s={search_term_string}\"},\"query-input\":{\"@type\":\"PropertyValueSpecification\",\"valueRequired\":true,\"valueName\":\"search_term_string\"}}],\"inLanguage\":\"pt\"},{\"@type\":[\"Organization\",\"Place\"],\"@id\":\"https:\/\/brief.pt\/#organization\",\"name\":\"Brief Creatives\",\"url\":\"https:\/\/brief.pt\/\",\"logo\":{\"@id\":\"https:\/\/brief.pt\/pt\/services\/#local-main-organization-logo\"},\"image\":{\"@id\":\"https:\/\/brief.pt\/pt\/services\/#local-main-organization-logo\"},\"sameAs\":[\"https:\/\/www.facebook.com\/Brief.Creatives\/\",\"https:\/\/www.instagram.com\/brief.creatives\/\",\"https:\/\/www.linkedin.com\/company\/brief-creatives\/\"],\"telephone\":[],\"openingHoursSpecification\":[{\"@type\":\"OpeningHoursSpecification\",\"dayOfWeek\":[\"Monday\",\"Tuesday\",\"Wednesday\",\"Thursday\",\"Friday\",\"Saturday\",\"Sunday\"],\"opens\":\"09:00\",\"closes\":\"17:00\"}]},{\"@type\":\"ImageObject\",\"inLanguage\":\"pt\",\"@id\":\"https:\/\/brief.pt\/pt\/services\/#local-main-organization-logo\",\"url\":\"https:\/\/brief.pt\/wp-content\/uploads\/2023\/04\/b-logo-transparent.png\",\"contentUrl\":\"https:\/\/brief.pt\/wp-content\/uploads\/2023\/04\/b-logo-transparent.png\",\"width\":488,\"height\":744,\"caption\":\"Brief Creatives\"}]}<\/script>\n<!-- \/ Yoast SEO Premium plugin. -->","yoast_head_json":{"title":"Servi\u00e7os - Fazemos Digital e muito mais | Brief Creatives","description":"Oferecemos servi\u00e7os de programa\u00e7\u00e3o, design e campanhas de sucesso. Precisas de um website, nova marca ou gest\u00e3o de redes sociais?","robots":{"index":"index","follow":"follow","max-snippet":"max-snippet:-1","max-image-preview":"max-image-preview:large","max-video-preview":"max-video-preview:-1"},"canonical":"https:\/\/brief.pt\/pt\/services\/","og_locale":"pt_PT","og_type":"article","og_title":"Servi\u00e7os","og_description":"Oferecemos servi\u00e7os de programa\u00e7\u00e3o, design e campanhas de sucesso. Precisas de um website, nova marca ou gest\u00e3o de redes sociais?","og_url":"https:\/\/brief.pt\/pt\/services\/","og_site_name":"Brief","article_publisher":"https:\/\/www.facebook.com\/Brief.Creatives\/","article_modified_time":"2025-09-08T15:16:43+00:00","og_image":[{"width":1200,"height":630,"url":"https:\/\/brief.pt\/wp-content\/uploads\/2018\/09\/services2.png","type":"image\/png"}],"twitter_card":"summary_large_image","twitter_image":"http:\/\/brief.pt\/app\/uploads\/2018\/09\/Servicos.png","schema":{"@context":"https:\/\/schema.org","@graph":[{"@type":"WebPage","@id":"https:\/\/brief.pt\/pt\/services\/","url":"https:\/\/brief.pt\/pt\/services\/","name":"Servi\u00e7os - Fazemos Digital e muito mais | Brief Creatives","isPartOf":{"@id":"https:\/\/brief.pt\/#website"},"datePublished":"2018-08-07T15:03:45+00:00","dateModified":"2025-09-08T15:16:43+00:00","description":"Oferecemos servi\u00e7os de programa\u00e7\u00e3o, design e campanhas de sucesso. Precisas de um website, nova marca ou gest\u00e3o de redes sociais?","breadcrumb":{"@id":"https:\/\/brief.pt\/pt\/services\/#breadcrumb"},"inLanguage":"pt","potentialAction":[{"@type":"ReadAction","target":["https:\/\/brief.pt\/pt\/services\/"]}]},{"@type":"BreadcrumbList","@id":"https:\/\/brief.pt\/pt\/services\/#breadcrumb","itemListElement":[{"@type":"ListItem","position":1,"name":"Home","item":"https:\/\/brief.pt\/pt\/"},{"@type":"ListItem","position":2,"name":"Servi\u00e7os"}]},{"@type":"WebSite","@id":"https:\/\/brief.pt\/#website","url":"https:\/\/brief.pt\/","name":"Brief","description":"Brief Creatives","publisher":{"@id":"https:\/\/brief.pt\/#organization"},"potentialAction":[{"@type":"SearchAction","target":{"@type":"EntryPoint","urlTemplate":"https:\/\/brief.pt\/?s={search_term_string}"},"query-input":{"@type":"PropertyValueSpecification","valueRequired":true,"valueName":"search_term_string"}}],"inLanguage":"pt"},{"@type":["Organization","Place"],"@id":"https:\/\/brief.pt\/#organization","name":"Brief Creatives","url":"https:\/\/brief.pt\/","logo":{"@id":"https:\/\/brief.pt\/pt\/services\/#local-main-organization-logo"},"image":{"@id":"https:\/\/brief.pt\/pt\/services\/#local-main-organization-logo"},"sameAs":["https:\/\/www.facebook.com\/Brief.Creatives\/","https:\/\/www.instagram.com\/brief.creatives\/","https:\/\/www.linkedin.com\/company\/brief-creatives\/"],"telephone":[],"openingHoursSpecification":[{"@type":"OpeningHoursSpecification","dayOfWeek":["Monday","Tuesday","Wednesday","Thursday","Friday","Saturday","Sunday"],"opens":"09:00","closes":"17:00"}]},{"@type":"ImageObject","inLanguage":"pt","@id":"https:\/\/brief.pt\/pt\/services\/#local-main-organization-logo","url":"https:\/\/brief.pt\/wp-content\/uploads\/2023\/04\/b-logo-transparent.png","contentUrl":"https:\/\/brief.pt\/wp-content\/uploads\/2023\/04\/b-logo-transparent.png","width":488,"height":744,"caption":"Brief Creatives"}]}},"_links":{"self":[{"href":"https:\/\/brief.pt\/pt\/wp-json\/wp\/v2\/pages\/3121","targetHints":{"allow":["GET"]}}],"collection":[{"href":"https:\/\/brief.pt\/pt\/wp-json\/wp\/v2\/pages"}],"about":[{"href":"https:\/\/brief.pt\/pt\/wp-json\/wp\/v2\/types\/page"}],"author":[{"embeddable":true,"href":"https:\/\/brief.pt\/pt\/wp-json\/wp\/v2\/users\/1"}],"replies":[{"embeddable":true,"href":"https:\/\/brief.pt\/pt\/wp-json\/wp\/v2\/comments?post=3121"}],"version-history":[{"count":8,"href":"https:\/\/brief.pt\/pt\/wp-json\/wp\/v2\/pages\/3121\/revisions"}],"predecessor-version":[{"id":3949,"href":"https:\/\/brief.pt\/pt\/wp-json\/wp\/v2\/pages\/3121\/revisions\/3949"}],"wp:attachment":[{"href":"https:\/\/brief.pt\/pt\/wp-json\/wp\/v2\/media?parent=3121"}],"curies":[{"name":"wp","href":"https:\/\/api.w.org\/{rel}","templated":true}]}}