{"id":9049,"date":"2025-01-15T14:11:56","date_gmt":"2025-01-15T14:11:56","guid":{"rendered":"https:\/\/brief.pt\/?page_id=9049"},"modified":"2025-11-24T11:33:31","modified_gmt":"2025-11-24T11:33:31","slug":"gestao-de-redes-sociais","status":"publish","type":"page","link":"https:\/\/brief.pt\/pt\/services\/gestao-de-redes-sociais\/","title":{"rendered":"Redes Sociais"},"content":{"rendered":"","protected":false},"excerpt":{"rendered":"","protected":false},"author":1,"featured_media":0,"parent":3121,"menu_order":0,"comment_status":"closed","ping_status":"closed","template":"","meta":{"_acf_changed":false,"inline_featured_image":false,"footnotes":""},"class_list":["post-9049","page","type-page","status-publish","hentry"],"acf":[],"yoast_head":"<!-- This site is optimized with the Yoast SEO Premium plugin v26.0 (Yoast SEO v26.0) - https:\/\/yoast.com\/wordpress\/plugins\/seo\/ -->\n<title>Redes Sociais - Brief<\/title>\n<meta name=\"description\" content=\"Descubra estrat\u00e9gias eficazes de gest\u00e3o de redes sociais para impulsionar a tua presen\u00e7a online e envolver seu p\u00fablico.\" \/>\n<meta name=\"robots\" content=\"index, follow, max-snippet:-1, max-image-preview:large, max-video-preview:-1\" \/>\n<link rel=\"canonical\" href=\"https:\/\/brief.pt\/pt\/services\/gestao-de-redes-sociais\/\" \/>\n<meta property=\"og:locale\" content=\"pt_PT\" \/>\n<meta property=\"og:type\" content=\"article\" \/>\n<meta property=\"og:title\" content=\"Redes Sociais\" \/>\n<meta property=\"og:description\" content=\"Transforme a forma como comunica online com um servi\u00e7o que combina o melhor da Intelig\u00eancia Artificial e a experi\u00eancia de profissionais experientes.\" \/>\n<meta property=\"og:url\" content=\"https:\/\/brief.pt\/pt\/services\/gestao-de-redes-sociais\/\" \/>\n<meta property=\"og:site_name\" content=\"Brief\" \/>\n<meta property=\"article:publisher\" content=\"https:\/\/www.facebook.com\/Brief.Creatives\/\" \/>\n<meta property=\"article:modified_time\" content=\"2025-11-24T11:33:31+00:00\" \/>\n<meta property=\"og:image\" content=\"https:\/\/brief.pt\/wp-content\/uploads\/2025\/01\/our-solution.png\" \/>\n\t<meta property=\"og:image:width\" content=\"2498\" \/>\n\t<meta property=\"og:image:height\" content=\"1061\" \/>\n\t<meta property=\"og:image:type\" content=\"image\/png\" \/>\n<meta name=\"twitter:card\" content=\"summary_large_image\" \/>\n<script type=\"application\/ld+json\" class=\"yoast-schema-graph\">{\"@context\":\"https:\/\/schema.org\",\"@graph\":[{\"@type\":\"WebPage\",\"@id\":\"https:\/\/brief.pt\/pt\/services\/gestao-de-redes-sociais\/\",\"url\":\"https:\/\/brief.pt\/pt\/services\/gestao-de-redes-sociais\/\",\"name\":\"Redes Sociais - Brief\",\"isPartOf\":{\"@id\":\"https:\/\/brief.pt\/#website\"},\"datePublished\":\"2025-01-15T14:11:56+00:00\",\"dateModified\":\"2025-11-24T11:33:31+00:00\",\"description\":\"Descubra estrat\u00e9gias eficazes de gest\u00e3o de redes sociais para impulsionar a tua presen\u00e7a online e envolver seu p\u00fablico.\",\"breadcrumb\":{\"@id\":\"https:\/\/brief.pt\/pt\/services\/gestao-de-redes-sociais\/#breadcrumb\"},\"inLanguage\":\"pt\",\"potentialAction\":[{\"@type\":\"ReadAction\",\"target\":[\"https:\/\/brief.pt\/pt\/services\/gestao-de-redes-sociais\/\"]}]},{\"@type\":\"BreadcrumbList\",\"@id\":\"https:\/\/brief.pt\/pt\/services\/gestao-de-redes-sociais\/#breadcrumb\",\"itemListElement\":[{\"@type\":\"ListItem\",\"position\":1,\"name\":\"Home\",\"item\":\"https:\/\/brief.pt\/pt\/\"},{\"@type\":\"ListItem\",\"position\":2,\"name\":\"Servi\u00e7os\",\"item\":\"https:\/\/brief.pt\/pt\/services\/\"},{\"@type\":\"ListItem\",\"position\":3,\"name\":\"Redes Sociais\"}]},{\"@type\":\"WebSite\",\"@id\":\"https:\/\/brief.pt\/#website\",\"url\":\"https:\/\/brief.pt\/\",\"name\":\"Brief\",\"description\":\"Brief Creatives\",\"publisher\":{\"@id\":\"https:\/\/brief.pt\/#organization\"},\"potentialAction\":[{\"@type\":\"SearchAction\",\"target\":{\"@type\":\"EntryPoint\",\"urlTemplate\":\"https:\/\/brief.pt\/?s={search_term_string}\"},\"query-input\":{\"@type\":\"PropertyValueSpecification\",\"valueRequired\":true,\"valueName\":\"search_term_string\"}}],\"inLanguage\":\"pt\"},{\"@type\":[\"Organization\",\"Place\"],\"@id\":\"https:\/\/brief.pt\/#organization\",\"name\":\"Brief Creatives\",\"url\":\"https:\/\/brief.pt\/\",\"logo\":{\"@id\":\"https:\/\/brief.pt\/pt\/services\/gestao-de-redes-sociais\/#local-main-organization-logo\"},\"image\":{\"@id\":\"https:\/\/brief.pt\/pt\/services\/gestao-de-redes-sociais\/#local-main-organization-logo\"},\"sameAs\":[\"https:\/\/www.facebook.com\/Brief.Creatives\/\",\"https:\/\/www.instagram.com\/brief.creatives\/\",\"https:\/\/www.linkedin.com\/company\/brief-creatives\/\"],\"telephone\":[],\"openingHoursSpecification\":[{\"@type\":\"OpeningHoursSpecification\",\"dayOfWeek\":[\"Monday\",\"Tuesday\",\"Wednesday\",\"Thursday\",\"Friday\",\"Saturday\",\"Sunday\"],\"opens\":\"09:00\",\"closes\":\"17:00\"}]},{\"@type\":\"ImageObject\",\"inLanguage\":\"pt\",\"@id\":\"https:\/\/brief.pt\/pt\/services\/gestao-de-redes-sociais\/#local-main-organization-logo\",\"url\":\"https:\/\/brief.pt\/wp-content\/uploads\/2023\/04\/b-logo-transparent.png\",\"contentUrl\":\"https:\/\/brief.pt\/wp-content\/uploads\/2023\/04\/b-logo-transparent.png\",\"width\":488,\"height\":744,\"caption\":\"Brief Creatives\"}]}<\/script>\n<!-- \/ Yoast SEO Premium plugin. -->","yoast_head_json":{"title":"Redes Sociais - Brief","description":"Descubra estrat\u00e9gias eficazes de gest\u00e3o de redes sociais para impulsionar a tua presen\u00e7a online e envolver seu p\u00fablico.","robots":{"index":"index","follow":"follow","max-snippet":"max-snippet:-1","max-image-preview":"max-image-preview:large","max-video-preview":"max-video-preview:-1"},"canonical":"https:\/\/brief.pt\/pt\/services\/gestao-de-redes-sociais\/","og_locale":"pt_PT","og_type":"article","og_title":"Redes Sociais","og_description":"Transforme a forma como comunica online com um servi\u00e7o que combina o melhor da Intelig\u00eancia Artificial e a experi\u00eancia de profissionais experientes.","og_url":"https:\/\/brief.pt\/pt\/services\/gestao-de-redes-sociais\/","og_site_name":"Brief","article_publisher":"https:\/\/www.facebook.com\/Brief.Creatives\/","article_modified_time":"2025-11-24T11:33:31+00:00","og_image":[{"width":2498,"height":1061,"url":"https:\/\/brief.pt\/wp-content\/uploads\/2025\/01\/our-solution.png","type":"image\/png"}],"twitter_card":"summary_large_image","schema":{"@context":"https:\/\/schema.org","@graph":[{"@type":"WebPage","@id":"https:\/\/brief.pt\/pt\/services\/gestao-de-redes-sociais\/","url":"https:\/\/brief.pt\/pt\/services\/gestao-de-redes-sociais\/","name":"Redes Sociais - Brief","isPartOf":{"@id":"https:\/\/brief.pt\/#website"},"datePublished":"2025-01-15T14:11:56+00:00","dateModified":"2025-11-24T11:33:31+00:00","description":"Descubra estrat\u00e9gias eficazes de gest\u00e3o de redes sociais para impulsionar a tua presen\u00e7a online e envolver seu p\u00fablico.","breadcrumb":{"@id":"https:\/\/brief.pt\/pt\/services\/gestao-de-redes-sociais\/#breadcrumb"},"inLanguage":"pt","potentialAction":[{"@type":"ReadAction","target":["https:\/\/brief.pt\/pt\/services\/gestao-de-redes-sociais\/"]}]},{"@type":"BreadcrumbList","@id":"https:\/\/brief.pt\/pt\/services\/gestao-de-redes-sociais\/#breadcrumb","itemListElement":[{"@type":"ListItem","position":1,"name":"Home","item":"https:\/\/brief.pt\/pt\/"},{"@type":"ListItem","position":2,"name":"Servi\u00e7os","item":"https:\/\/brief.pt\/pt\/services\/"},{"@type":"ListItem","position":3,"name":"Redes Sociais"}]},{"@type":"WebSite","@id":"https:\/\/brief.pt\/#website","url":"https:\/\/brief.pt\/","name":"Brief","description":"Brief Creatives","publisher":{"@id":"https:\/\/brief.pt\/#organization"},"potentialAction":[{"@type":"SearchAction","target":{"@type":"EntryPoint","urlTemplate":"https:\/\/brief.pt\/?s={search_term_string}"},"query-input":{"@type":"PropertyValueSpecification","valueRequired":true,"valueName":"search_term_string"}}],"inLanguage":"pt"},{"@type":["Organization","Place"],"@id":"https:\/\/brief.pt\/#organization","name":"Brief Creatives","url":"https:\/\/brief.pt\/","logo":{"@id":"https:\/\/brief.pt\/pt\/services\/gestao-de-redes-sociais\/#local-main-organization-logo"},"image":{"@id":"https:\/\/brief.pt\/pt\/services\/gestao-de-redes-sociais\/#local-main-organization-logo"},"sameAs":["https:\/\/www.facebook.com\/Brief.Creatives\/","https:\/\/www.instagram.com\/brief.creatives\/","https:\/\/www.linkedin.com\/company\/brief-creatives\/"],"telephone":[],"openingHoursSpecification":[{"@type":"OpeningHoursSpecification","dayOfWeek":["Monday","Tuesday","Wednesday","Thursday","Friday","Saturday","Sunday"],"opens":"09:00","closes":"17:00"}]},{"@type":"ImageObject","inLanguage":"pt","@id":"https:\/\/brief.pt\/pt\/services\/gestao-de-redes-sociais\/#local-main-organization-logo","url":"https:\/\/brief.pt\/wp-content\/uploads\/2023\/04\/b-logo-transparent.png","contentUrl":"https:\/\/brief.pt\/wp-content\/uploads\/2023\/04\/b-logo-transparent.png","width":488,"height":744,"caption":"Brief Creatives"}]}},"_links":{"self":[{"href":"https:\/\/brief.pt\/pt\/wp-json\/wp\/v2\/pages\/9049","targetHints":{"allow":["GET"]}}],"collection":[{"href":"https:\/\/brief.pt\/pt\/wp-json\/wp\/v2\/pages"}],"about":[{"href":"https:\/\/brief.pt\/pt\/wp-json\/wp\/v2\/types\/page"}],"author":[{"embeddable":true,"href":"https:\/\/brief.pt\/pt\/wp-json\/wp\/v2\/users\/1"}],"replies":[{"embeddable":true,"href":"https:\/\/brief.pt\/pt\/wp-json\/wp\/v2\/comments?post=9049"}],"version-history":[{"count":10,"href":"https:\/\/brief.pt\/pt\/wp-json\/wp\/v2\/pages\/9049\/revisions"}],"predecessor-version":[{"id":10137,"href":"https:\/\/brief.pt\/pt\/wp-json\/wp\/v2\/pages\/9049\/revisions\/10137"}],"up":[{"embeddable":true,"href":"https:\/\/brief.pt\/pt\/wp-json\/wp\/v2\/pages\/3121"}],"wp:attachment":[{"href":"https:\/\/brief.pt\/pt\/wp-json\/wp\/v2\/media?parent=9049"}],"curies":[{"name":"wp","href":"https:\/\/api.w.org\/{rel}","templated":true}]}}